{"id":185,"date":"2019-10-05T04:01:26","date_gmt":"2019-10-05T04:01:26","guid":{"rendered":"https:\/\/cotecda.de\/?page_id=185"},"modified":"2023-09-29T15:30:06","modified_gmt":"2023-09-29T15:30:06","slug":"impressum","status":"publish","type":"page","link":"https:\/\/cotecda.de\/en\/impressum","title":{"rendered":"Legal information"},"content":{"rendered":"<p>Information pursuant to Section 5 of the German Telemedia Act (TMG):<\/p>\n\n\n\n<p>Cotecda GmbH<br>Sebastian-Kneipp-Stra\u00dfe 41<br>60439 Frankfurt am Main, Germany<\/p>\n\n\n\n<p>support@cotecda.de <br>Telephone: +49 69 505064-135<br>Fax +49 69 505064-136<\/p>\n\n\n\n<p>Commercial register: HRB 116875 Frankfurt am Main<br>Register court: Amtsgericht (local court) Frankfurt am Main<\/p>\n\n\n\n<p>Represented by the managing director:<br>Carsten Wesner, Silke Br\u00fccher<\/p>\n\n\n\n<p>Licence in accordance with Section 34c of the Trade Regulation Act (GewO) granted by the City of Frankfurt am Main<\/p>\n\n\n\n<h4 class=\"wp-block-heading\">Value added tax<\/h4>\n\n\n\n<p>VAT registration number under Article 27a of the Value Added Tax Act:<br>DE 326796235 <br>We are neither willing nor obliged to participate in dispute resolution proceedings before a<br>consumer arbitration board.&nbsp;<\/p>\n\n\n\n<h4 class=\"wp-block-heading\">Liability for content<\/h4>\n\n\n\n<p>In accordance with Article 7 (1) of the German Telemedia Act (TMG), we are as service providers responsible for our own content on this website, in accordance with general legislation. Pursuant to Articles 8 to 10 TMG, however, we are as service providers not obliged to monitor information provided or stored by third parties or to investigate circumstances that suggest an illegal activity. This is without prejudice to our obligations to remove or block the use of content under general legislation. Our liability will only commence from the time we become aware of any specific violation of the law. If we become aware of any violation of the law, we will remove such content immediately.<\/p>\n\n\n\n<h4 class=\"wp-block-heading\">Liability for links<\/h4>\n\n\n\n<p>Our website contains links to external third party websites over the content of which we have no control. Therefore, we cannot accept any liability for their content. The respective provider or operator of the linked sites is always responsible for their content. Linked websites were examined for possible violations of the law at the time when the links to the external websites were created. At that time, we were not aware of any illegal content on these external websites. At the same time, it is not reasonable to expect us to monitor the content of linked pages on a continuous basis without concrete evidence of a violation of the law. As soon as we become aware of any infringements of the law, we will remove such links immediately.<\/p>\n\n\n\n<h4 class=\"wp-block-heading\">Copyright<\/h4>\n\n\n\n<p>The content and works on pages created by the website operator are subject to the German Copyright Law. The reproduction, processing, distribution and any form of use outside the limits of copyright require the written consent of the respective author or creator. The downloading and copying of this website is only permitted for private, non-commercial use. Where the content on this website has not been created by the operator, third-party copyright shall be respected. In particular, third-party content shall be identified as such. Nevertheless, if you become aware of a copyright infringement, we request that you notify us as soon as possible. If we become aware of any infringements of the law, we will remove such content immediately.&nbsp;<\/p>\n\n\n\n<h4 class=\"wp-block-heading\"><strong>Web design &amp; technical implementation<\/strong><\/h4>\n\n\n\n<p><a href=\"https:\/\/tim-seibert.com\">TIM-SEIBERT.com<\/a><\/p>\n\n\n\n<h4 class=\"wp-block-heading\"><strong>Photo credits<\/strong><\/h4>\n\n\n\n<p>Tim Seibert <a href=\"https:\/\/east59.de\">east59.de<\/a><\/p>\n\n\n\n<p><a href=\"https:\/\/iStockphoto.com\">iStockphoto.com<\/a> <\/p>\n\n\n\n<p>Cotecda GmbH<\/p>\n\n\n\n<p><\/p>","protected":false},"excerpt":{"rendered":"<p>Angaben gem\u00e4\u00df \u00a7 5 TMG Cotecda GmbHSebastian-Kneipp-Stra\u00dfe 4160439 Frankfurt am Main support@cotecda.de Telefon +49 69 505064-135Fax +49 69 505064-136 Handelsregister: HRB 116875 Frankfurt am MainRegistergericht: Amtsgericht Frankfurt am Main Vertreten durch die Gesch\u00e4ftsf\u00fchrer:Carsten Wesner, Silke Br\u00fccher Erlaubnis gem. 34c der GewO, erteilt durch die Stadt Frankfurt am Main Umsatzsteuer Umsatzsteuer-Identifikationsnummer gem\u00e4\u00df \u00a727 a Umsatzsteuergesetz:DE 326796235 [&hellip;]<\/p>\n","protected":false},"author":1,"featured_media":0,"parent":0,"menu_order":0,"comment_status":"closed","ping_status":"closed","template":"","meta":{"site-sidebar-layout":"no-sidebar","site-content-layout":"default","ast-site-content-layout":"default","site-content-style":"default","site-sidebar-style":"default","ast-global-header-display":"","ast-banner-title-visibility":"","ast-main-header-display":"","ast-hfb-above-header-display":"","ast-hfb-below-header-display":"","ast-hfb-mobile-header-display":"","site-post-title":"","ast-breadcrumbs-content":"","ast-featured-img":"","footer-sml-layout":"","theme-transparent-header-meta":"default","adv-header-id-meta":"","stick-header-meta":"","header-above-stick-meta":"","header-main-stick-meta":"","header-below-stick-meta":"","astra-migrate-meta-layouts":"default","ast-page-background-enabled":"default","ast-page-background-meta":{"desktop":{"background-color":"","background-image":"","background-repeat":"repeat","background-position":"center center","background-size":"auto","background-attachment":"scroll","background-type":"","background-media":"","overlay-type":"","overlay-color":"","overlay-opacity":"","overlay-gradient":""},"tablet":{"background-color":"","background-image":"","background-repeat":"repeat","background-position":"center center","background-size":"auto","background-attachment":"scroll","background-type":"","background-media":"","overlay-type":"","overlay-color":"","overlay-opacity":"","overlay-gradient":""},"mobile":{"background-color":"","background-image":"","background-repeat":"repeat","background-position":"center center","background-size":"auto","background-attachment":"scroll","background-type":"","background-media":"","overlay-type":"","overlay-color":"","overlay-opacity":"","overlay-gradient":""}},"ast-content-background-meta":{"desktop":{"background-color":"var(--ast-global-color-5)","background-image":"","background-repeat":"repeat","background-position":"center center","background-size":"auto","background-attachment":"scroll","background-type":"","background-media":"","overlay-type":"","overlay-color":"","overlay-opacity":"","overlay-gradient":""},"tablet":{"background-color":"var(--ast-global-color-5)","background-image":"","background-repeat":"repeat","background-position":"center center","background-size":"auto","background-attachment":"scroll","background-type":"","background-media":"","overlay-type":"","overlay-color":"","overlay-opacity":"","overlay-gradient":""},"mobile":{"background-color":"var(--ast-global-color-5)","background-image":"","background-repeat":"repeat","background-position":"center center","background-size":"auto","background-attachment":"scroll","background-type":"","background-media":"","overlay-type":"","overlay-color":"","overlay-opacity":"","overlay-gradient":""}},"footnotes":""},"class_list":["post-185","page","type-page","status-publish","hentry"],"yoast_head":"<!-- This site is optimized with the Yoast SEO plugin v27.4 - https:\/\/yoast.com\/product\/yoast-seo-wordpress\/ -->\n<title>Impressum - Cotecda<\/title>\n<meta name=\"robots\" content=\"index, follow, max-snippet:-1, max-image-preview:large, max-video-preview:-1\" \/>\n<link rel=\"canonical\" href=\"https:\/\/cotecda.de\/en\/impressum\/\" \/>\n<meta property=\"og:locale\" content=\"en_US\" \/>\n<meta property=\"og:type\" content=\"article\" \/>\n<meta property=\"og:title\" content=\"Impressum - Cotecda\" \/>\n<meta property=\"og:description\" content=\"Angaben gem\u00e4\u00df \u00a7 5 TMG Cotecda GmbHSebastian-Kneipp-Stra\u00dfe 4160439 Frankfurt am Main support@cotecda.de Telefon +49 69 505064-135Fax +49 69 505064-136 Handelsregister: HRB 116875 Frankfurt am MainRegistergericht: Amtsgericht Frankfurt am Main Vertreten durch die Gesch\u00e4ftsf\u00fchrer:Carsten Wesner, Silke Br\u00fccher Erlaubnis gem. 34c der GewO, erteilt durch die Stadt Frankfurt am Main Umsatzsteuer Umsatzsteuer-Identifikationsnummer gem\u00e4\u00df \u00a727 a Umsatzsteuergesetz:DE 326796235 [&hellip;]\" \/>\n<meta property=\"og:url\" content=\"https:\/\/cotecda.de\/en\/impressum\/\" \/>\n<meta property=\"og:site_name\" content=\"Cotecda\" \/>\n<meta property=\"article:modified_time\" content=\"2023-09-29T15:30:06+00:00\" \/>\n<meta name=\"twitter:card\" content=\"summary_large_image\" \/>\n<meta name=\"twitter:label1\" content=\"Est. reading time\" \/>\n\t<meta name=\"twitter:data1\" content=\"3 minutes\" \/>\n<script type=\"application\/ld+json\" class=\"yoast-schema-graph\">{\"@context\":\"https:\\\/\\\/schema.org\",\"@graph\":[{\"@type\":\"WebPage\",\"@id\":\"https:\\\/\\\/cotecda.de\\\/impressum\",\"url\":\"https:\\\/\\\/cotecda.de\\\/impressum\",\"name\":\"Impressum - Cotecda\",\"isPartOf\":{\"@id\":\"https:\\\/\\\/cotecda.de\\\/#website\"},\"datePublished\":\"2019-10-05T04:01:26+00:00\",\"dateModified\":\"2023-09-29T15:30:06+00:00\",\"breadcrumb\":{\"@id\":\"https:\\\/\\\/cotecda.de\\\/impressum#breadcrumb\"},\"inLanguage\":\"en-US\",\"potentialAction\":[{\"@type\":\"ReadAction\",\"target\":[\"https:\\\/\\\/cotecda.de\\\/impressum\"]}]},{\"@type\":\"BreadcrumbList\",\"@id\":\"https:\\\/\\\/cotecda.de\\\/impressum#breadcrumb\",\"itemListElement\":[{\"@type\":\"ListItem\",\"position\":1,\"name\":\"Startseite\",\"item\":\"https:\\\/\\\/cotecda.de\\\/\"},{\"@type\":\"ListItem\",\"position\":2,\"name\":\"Impressum\"}]},{\"@type\":\"WebSite\",\"@id\":\"https:\\\/\\\/cotecda.de\\\/#website\",\"url\":\"https:\\\/\\\/cotecda.de\\\/\",\"name\":\"Cotecda\",\"description\":\"Real Estate Support\",\"publisher\":{\"@id\":\"https:\\\/\\\/cotecda.de\\\/#organization\"},\"potentialAction\":[{\"@type\":\"SearchAction\",\"target\":{\"@type\":\"EntryPoint\",\"urlTemplate\":\"https:\\\/\\\/cotecda.de\\\/?s={search_term_string}\"},\"query-input\":{\"@type\":\"PropertyValueSpecification\",\"valueRequired\":true,\"valueName\":\"search_term_string\"}}],\"inLanguage\":\"en-US\"},{\"@type\":\"Organization\",\"@id\":\"https:\\\/\\\/cotecda.de\\\/#organization\",\"name\":\"Cotecda\",\"url\":\"https:\\\/\\\/cotecda.de\\\/\",\"logo\":{\"@type\":\"ImageObject\",\"inLanguage\":\"en-US\",\"@id\":\"https:\\\/\\\/cotecda.de\\\/#\\\/schema\\\/logo\\\/image\\\/\",\"url\":\"https:\\\/\\\/cotecda.de\\\/wp-content\\\/uploads\\\/2022\\\/01\\\/cropped-Cotecda_RES.png\",\"contentUrl\":\"https:\\\/\\\/cotecda.de\\\/wp-content\\\/uploads\\\/2022\\\/01\\\/cropped-Cotecda_RES.png\",\"width\":1327,\"height\":500,\"caption\":\"Cotecda\"},\"image\":{\"@id\":\"https:\\\/\\\/cotecda.de\\\/#\\\/schema\\\/logo\\\/image\\\/\"}}]}<\/script>\n<!-- \/ Yoast SEO plugin. -->","yoast_head_json":{"title":"Impressum - Cotecda","robots":{"index":"index","follow":"follow","max-snippet":"max-snippet:-1","max-image-preview":"max-image-preview:large","max-video-preview":"max-video-preview:-1"},"canonical":"https:\/\/cotecda.de\/en\/impressum\/","og_locale":"en_US","og_type":"article","og_title":"Impressum - Cotecda","og_description":"Angaben gem\u00e4\u00df \u00a7 5 TMG Cotecda GmbHSebastian-Kneipp-Stra\u00dfe 4160439 Frankfurt am Main support@cotecda.de Telefon +49 69 505064-135Fax +49 69 505064-136 Handelsregister: HRB 116875 Frankfurt am MainRegistergericht: Amtsgericht Frankfurt am Main Vertreten durch die Gesch\u00e4ftsf\u00fchrer:Carsten Wesner, Silke Br\u00fccher Erlaubnis gem. 34c der GewO, erteilt durch die Stadt Frankfurt am Main Umsatzsteuer Umsatzsteuer-Identifikationsnummer gem\u00e4\u00df \u00a727 a Umsatzsteuergesetz:DE 326796235 [&hellip;]","og_url":"https:\/\/cotecda.de\/en\/impressum\/","og_site_name":"Cotecda","article_modified_time":"2023-09-29T15:30:06+00:00","twitter_card":"summary_large_image","twitter_misc":{"Est. reading time":"3 minutes"},"schema":{"@context":"https:\/\/schema.org","@graph":[{"@type":"WebPage","@id":"https:\/\/cotecda.de\/impressum","url":"https:\/\/cotecda.de\/impressum","name":"Impressum - Cotecda","isPartOf":{"@id":"https:\/\/cotecda.de\/#website"},"datePublished":"2019-10-05T04:01:26+00:00","dateModified":"2023-09-29T15:30:06+00:00","breadcrumb":{"@id":"https:\/\/cotecda.de\/impressum#breadcrumb"},"inLanguage":"en-US","potentialAction":[{"@type":"ReadAction","target":["https:\/\/cotecda.de\/impressum"]}]},{"@type":"BreadcrumbList","@id":"https:\/\/cotecda.de\/impressum#breadcrumb","itemListElement":[{"@type":"ListItem","position":1,"name":"Startseite","item":"https:\/\/cotecda.de\/"},{"@type":"ListItem","position":2,"name":"Impressum"}]},{"@type":"WebSite","@id":"https:\/\/cotecda.de\/#website","url":"https:\/\/cotecda.de\/","name":"Cotecda","description":"Real Estate Support","publisher":{"@id":"https:\/\/cotecda.de\/#organization"},"potentialAction":[{"@type":"SearchAction","target":{"@type":"EntryPoint","urlTemplate":"https:\/\/cotecda.de\/?s={search_term_string}"},"query-input":{"@type":"PropertyValueSpecification","valueRequired":true,"valueName":"search_term_string"}}],"inLanguage":"en-US"},{"@type":"Organization","@id":"https:\/\/cotecda.de\/#organization","name":"Cotecda","url":"https:\/\/cotecda.de\/","logo":{"@type":"ImageObject","inLanguage":"en-US","@id":"https:\/\/cotecda.de\/#\/schema\/logo\/image\/","url":"https:\/\/cotecda.de\/wp-content\/uploads\/2022\/01\/cropped-Cotecda_RES.png","contentUrl":"https:\/\/cotecda.de\/wp-content\/uploads\/2022\/01\/cropped-Cotecda_RES.png","width":1327,"height":500,"caption":"Cotecda"},"image":{"@id":"https:\/\/cotecda.de\/#\/schema\/logo\/image\/"}}]}},"_links":{"self":[{"href":"https:\/\/cotecda.de\/en\/wp-json\/wp\/v2\/pages\/185","targetHints":{"allow":["GET"]}}],"collection":[{"href":"https:\/\/cotecda.de\/en\/wp-json\/wp\/v2\/pages"}],"about":[{"href":"https:\/\/cotecda.de\/en\/wp-json\/wp\/v2\/types\/page"}],"author":[{"embeddable":true,"href":"https:\/\/cotecda.de\/en\/wp-json\/wp\/v2\/users\/1"}],"replies":[{"embeddable":true,"href":"https:\/\/cotecda.de\/en\/wp-json\/wp\/v2\/comments?post=185"}],"version-history":[{"count":6,"href":"https:\/\/cotecda.de\/en\/wp-json\/wp\/v2\/pages\/185\/revisions"}],"predecessor-version":[{"id":3805,"href":"https:\/\/cotecda.de\/en\/wp-json\/wp\/v2\/pages\/185\/revisions\/3805"}],"wp:attachment":[{"href":"https:\/\/cotecda.de\/en\/wp-json\/wp\/v2\/media?parent=185"}],"curies":[{"name":"wp","href":"https:\/\/api.w.org\/{rel}","templated":true}]}}