{"id":160,"date":"2019-10-05T03:24:58","date_gmt":"2019-10-05T03:24:58","guid":{"rendered":"https:\/\/cotecda.de\/?page_id=160"},"modified":"2025-03-04T15:53:29","modified_gmt":"2025-03-04T15:53:29","slug":"kontakt-interim-management-datenmanagement-consulting","status":"publish","type":"page","link":"https:\/\/cotecda.de\/en\/kontakt-interim-management-datenmanagement-consulting","title":{"rendered":"Contact"},"content":{"rendered":"\t\t<div data-elementor-type=\"wp-page\" data-elementor-id=\"160\" class=\"elementor elementor-160\" data-elementor-post-type=\"page\">\n\t\t\t\t\t\t<section class=\"elementor-section elementor-top-section elementor-element elementor-element-5d8e0747 elementor-section-full_width elementor-section-height-min-height elementor-hidden-desktop elementor-section-height-default elementor-section-items-middle\" data-id=\"5d8e0747\" data-element_type=\"section\" data-e-type=\"section\" data-settings=\"{&quot;background_background&quot;:&quot;slideshow&quot;,&quot;background_slideshow_gallery&quot;:[{&quot;id&quot;:1812,&quot;url&quot;:&quot;https:\\\/\\\/cotecda.de\\\/wp-content\\\/uploads\\\/2023\\\/06\\\/Cotecda_Kontakt_90808220-scaled.jpg&quot;}],&quot;background_slideshow_loop&quot;:&quot;yes&quot;,&quot;background_slideshow_slide_duration&quot;:5000,&quot;background_slideshow_slide_transition&quot;:&quot;fade&quot;,&quot;background_slideshow_transition_duration&quot;:500}\">\n\t\t\t\t\t\t<div class=\"elementor-container elementor-column-gap-default\">\n\t\t\t\t\t<div class=\"elementor-column elementor-col-100 elementor-top-column elementor-element elementor-element-3907edf1\" data-id=\"3907edf1\" data-element_type=\"column\" data-e-type=\"column\">\n\t\t\t<div class=\"elementor-widget-wrap elementor-element-populated\">\n\t\t\t\t\t\t<div class=\"elementor-element elementor-element-5c7cb774 elementor-widget elementor-widget-heading\" data-id=\"5c7cb774\" data-element_type=\"widget\" data-e-type=\"widget\" data-widget_type=\"heading.default\">\n\t\t\t\t<div class=\"elementor-widget-container\">\n\t\t\t\t\t<h1 class=\"elementor-heading-title elementor-size-default\">Sprechen wir \u00fcber <br>Ihr Projekt<\/h1>\t\t\t\t<\/div>\n\t\t\t\t<\/div>\n\t\t\t\t\t<\/div>\n\t\t<\/div>\n\t\t\t\t\t<\/div>\n\t\t<\/section>\n\t\t\t\t<section class=\"elementor-section elementor-top-section elementor-element elementor-element-36b9f511 elementor-section-height-full elementor-section-full_width elementor-hidden-tablet elementor-hidden-mobile elementor-section-height-default elementor-section-items-middle\" data-id=\"36b9f511\" data-element_type=\"section\" data-e-type=\"section\" data-settings=\"{&quot;background_background&quot;:&quot;slideshow&quot;,&quot;background_slideshow_gallery&quot;:[{&quot;id&quot;:1812,&quot;url&quot;:&quot;https:\\\/\\\/cotecda.de\\\/wp-content\\\/uploads\\\/2023\\\/06\\\/Cotecda_Kontakt_90808220-scaled.jpg&quot;}],&quot;background_slideshow_loop&quot;:&quot;yes&quot;,&quot;background_slideshow_slide_duration&quot;:5000,&quot;background_slideshow_slide_transition&quot;:&quot;fade&quot;,&quot;background_slideshow_transition_duration&quot;:500}\">\n\t\t\t\t\t\t<div class=\"elementor-container elementor-column-gap-default\">\n\t\t\t\t\t<div class=\"elementor-column elementor-col-100 elementor-top-column elementor-element elementor-element-4f77ef36\" data-id=\"4f77ef36\" data-element_type=\"column\" data-e-type=\"column\">\n\t\t\t<div class=\"elementor-widget-wrap elementor-element-populated\">\n\t\t\t\t\t\t<div class=\"elementor-element elementor-element-428d8562 elementor-widget elementor-widget-spacer\" data-id=\"428d8562\" data-element_type=\"widget\" data-e-type=\"widget\" data-widget_type=\"spacer.default\">\n\t\t\t\t<div class=\"elementor-widget-container\">\n\t\t\t\t\t\t\t<div class=\"elementor-spacer\">\n\t\t\t<div class=\"elementor-spacer-inner\"><\/div>\n\t\t<\/div>\n\t\t\t\t\t\t<\/div>\n\t\t\t\t<\/div>\n\t\t\t\t<section class=\"elementor-section elementor-inner-section elementor-element elementor-element-11b82ce9 elementor-section-boxed elementor-section-height-default elementor-section-height-default\" data-id=\"11b82ce9\" data-element_type=\"section\" data-e-type=\"section\" data-settings=\"{&quot;background_background&quot;:&quot;classic&quot;}\">\n\t\t\t\t\t\t<div class=\"elementor-container elementor-column-gap-default\">\n\t\t\t\t\t<div class=\"elementor-column elementor-col-100 elementor-inner-column elementor-element elementor-element-2f4721e7\" data-id=\"2f4721e7\" data-element_type=\"column\" data-e-type=\"column\" data-settings=\"{&quot;background_background&quot;:&quot;classic&quot;}\">\n\t\t\t<div class=\"elementor-widget-wrap elementor-element-populated\">\n\t\t\t\t\t\t<div class=\"elementor-element elementor-element-366b4eff elementor-widget elementor-widget-heading\" data-id=\"366b4eff\" data-element_type=\"widget\" data-e-type=\"widget\" data-widget_type=\"heading.default\">\n\t\t\t\t<div class=\"elementor-widget-container\">\n\t\t\t\t\t<h1 class=\"elementor-heading-title elementor-size-xxl\">Sprechen wir \u00fcber <br>Ihr Projekt<\/h1>\t\t\t\t<\/div>\n\t\t\t\t<\/div>\n\t\t\t\t\t<\/div>\n\t\t<\/div>\n\t\t\t\t\t<\/div>\n\t\t<\/section>\n\t\t\t\t\t<\/div>\n\t\t<\/div>\n\t\t\t\t\t<\/div>\n\t\t<\/section>\n\t\t\t\t<section class=\"elementor-section elementor-top-section elementor-element elementor-element-28a71c9f elementor-section-height-min-height elementor-section-boxed elementor-section-height-default elementor-section-items-middle\" data-id=\"28a71c9f\" data-element_type=\"section\" data-e-type=\"section\" data-settings=\"{&quot;background_background&quot;:&quot;slideshow&quot;,&quot;background_slideshow_gallery&quot;:[{&quot;id&quot;:1761,&quot;url&quot;:&quot;https:\\\/\\\/cotecda.de\\\/wp-content\\\/uploads\\\/2023\\\/05\\\/Hintergrund_CTA-scaled.jpg&quot;}],&quot;background_slideshow_loop&quot;:&quot;yes&quot;,&quot;background_slideshow_slide_duration&quot;:5000,&quot;background_slideshow_slide_transition&quot;:&quot;fade&quot;,&quot;background_slideshow_transition_duration&quot;:500}\">\n\t\t\t\t\t\t<div class=\"elementor-container elementor-column-gap-default\">\n\t\t\t\t\t<div class=\"elementor-column elementor-col-50 elementor-top-column elementor-element elementor-element-1d8ecb22\" data-id=\"1d8ecb22\" data-element_type=\"column\" data-e-type=\"column\">\n\t\t\t<div class=\"elementor-widget-wrap elementor-element-populated\">\n\t\t\t\t\t\t<div class=\"elementor-element elementor-element-6541a424 elementor-widget elementor-widget-text-editor\" data-id=\"6541a424\" data-element_type=\"widget\" data-e-type=\"widget\" data-widget_type=\"text-editor.default\">\n\t\t\t\t<div class=\"elementor-widget-container\">\n\t\t\t\t\t\t\t\t\t<p>Cotecda GmbH<br>Sebastian-Kneipp-Stra\u00dfe 41<br>60439 Frankfurt am Main<\/p>\n<p><a href=\"mailto:support@cotecda.de\">support@cotecda.de<\/a><\/p>\n<p>Telefon +49 69 505064-135<br>Fax +49 69 505064-136<\/p>\t\t\t\t\t\t\t\t<\/div>\n\t\t\t\t<\/div>\n\t\t\t\t\t<\/div>\n\t\t<\/div>\n\t\t\t\t<div class=\"elementor-column elementor-col-50 elementor-top-column elementor-element elementor-element-655baf83\" data-id=\"655baf83\" data-element_type=\"column\" data-e-type=\"column\">\n\t\t\t<div class=\"elementor-widget-wrap elementor-element-populated\">\n\t\t\t\t\t\t<div class=\"elementor-element elementor-element-fff96e2 elementor-button-align-stretch elementor-widget elementor-widget-form\" data-id=\"fff96e2\" data-element_type=\"widget\" data-e-type=\"widget\" data-settings=\"{&quot;step_next_label&quot;:&quot;Next&quot;,&quot;step_previous_label&quot;:&quot;Previous&quot;,&quot;button_width&quot;:&quot;100&quot;,&quot;step_type&quot;:&quot;number_text&quot;,&quot;step_icon_shape&quot;:&quot;circle&quot;}\" data-widget_type=\"form.default\">\n\t\t\t\t<div class=\"elementor-widget-container\">\n\t\t\t\t\t\t\t<form class=\"elementor-form\" method=\"post\" name=\"New Form\" aria-label=\"New Form\">\n\t\t\t<input type=\"hidden\" name=\"post_id\" value=\"160\"\/>\n\t\t\t<input type=\"hidden\" name=\"form_id\" value=\"fff96e2\"\/>\n\t\t\t<input type=\"hidden\" name=\"referer_title\" value=\"Kontakt - Cotecda\" \/>\n\n\t\t\t\t\t\t\t<input type=\"hidden\" name=\"queried_id\" value=\"160\"\/>\n\t\t\t\n\t\t\t<div class=\"elementor-form-fields-wrapper elementor-labels-above\">\n\t\t\t\t\t\t\t\t<div class=\"elementor-field-type-text\">\n\t\t\t\t\t<input size=\"1\" type=\"text\" name=\"form_fields[field_a19785c]\" id=\"form-field-field_a19785c\" class=\"elementor-field elementor-size-md \" style=\"display:none !important;\">\t\t\t\t<\/div>\n\t\t\t\t\t\t\t\t<div class=\"elementor-field-type-text elementor-field-group elementor-column elementor-field-group-name elementor-col-100 elementor-field-required elementor-mark-required\">\n\t\t\t\t\t\t\t\t\t\t\t\t<label for=\"form-field-name\" class=\"elementor-field-label\">\n\t\t\t\t\t\t\t\tName\t\t\t\t\t\t\t<\/label>\n\t\t\t\t\t\t\t\t\t\t\t\t\t\t<input size=\"1\" type=\"text\" name=\"form_fields[name]\" id=\"form-field-name\" class=\"elementor-field elementor-size-md  elementor-field-textual\" placeholder=\"Name\" required=\"required\">\n\t\t\t\t\t\t\t\t\t\t\t<\/div>\n\t\t\t\t\t\t\t\t<div class=\"elementor-field-type-text elementor-field-group elementor-column elementor-field-group-field_4c58ef8 elementor-col-100\">\n\t\t\t\t\t\t\t\t\t\t\t\t<label for=\"form-field-field_4c58ef8\" class=\"elementor-field-label\">\n\t\t\t\t\t\t\t\tUnternehmen\t\t\t\t\t\t\t<\/label>\n\t\t\t\t\t\t\t\t\t\t\t\t\t\t<input size=\"1\" type=\"text\" name=\"form_fields[field_4c58ef8]\" id=\"form-field-field_4c58ef8\" class=\"elementor-field elementor-size-md  elementor-field-textual\" placeholder=\"Unternehmen\">\n\t\t\t\t\t\t\t\t\t\t\t<\/div>\n\t\t\t\t\t\t\t\t<div class=\"elementor-field-type-email elementor-field-group elementor-column elementor-field-group-email elementor-col-100 elementor-field-required elementor-mark-required\">\n\t\t\t\t\t\t\t\t\t\t\t\t<label for=\"form-field-email\" class=\"elementor-field-label\">\n\t\t\t\t\t\t\t\tE-Mail\t\t\t\t\t\t\t<\/label>\n\t\t\t\t\t\t\t\t\t\t\t\t\t\t<input size=\"1\" type=\"email\" name=\"form_fields[email]\" id=\"form-field-email\" class=\"elementor-field elementor-size-md  elementor-field-textual\" placeholder=\"E-Mail\" required=\"required\">\n\t\t\t\t\t\t\t\t\t\t\t<\/div>\n\t\t\t\t\t\t\t\t<div class=\"elementor-field-type-number elementor-field-group elementor-column elementor-field-group-field_14f4d42 elementor-col-100\">\n\t\t\t\t\t\t\t\t\t\t\t\t<label for=\"form-field-field_14f4d42\" class=\"elementor-field-label\">\n\t\t\t\t\t\t\t\tTelefon\t\t\t\t\t\t\t<\/label>\n\t\t\t\t\t\t\t\t\t<input type=\"number\" name=\"form_fields[field_14f4d42]\" id=\"form-field-field_14f4d42\" class=\"elementor-field elementor-size-md  elementor-field-textual\" placeholder=\"Telefon\" min=\"\" max=\"\" >\n\t\t\t\t\t\t<\/div>\n\t\t\t\t\t\t\t\t<div class=\"elementor-field-type-checkbox elementor-field-group elementor-column elementor-field-group-field_1cc992e elementor-col-100\">\n\t\t\t\t\t\t\t\t\t\t\t\t<label for=\"form-field-field_1cc992e\" class=\"elementor-field-label\">\n\t\t\t\t\t\t\t\tLeistungsbereich\t\t\t\t\t\t\t<\/label>\n\t\t\t\t\t\t<div class=\"elementor-field-subgroup  elementor-subgroup-inline\"><span class=\"elementor-field-option\"><input type=\"checkbox\" value=\"Interim Management\" id=\"form-field-field_1cc992e-0\" name=\"form_fields[field_1cc992e][]\"> <label for=\"form-field-field_1cc992e-0\">Interim Management<\/label><\/span><span class=\"elementor-field-option\"><input type=\"checkbox\" value=\"Datenmanagement\" id=\"form-field-field_1cc992e-1\" name=\"form_fields[field_1cc992e][]\"> <label for=\"form-field-field_1cc992e-1\">Datenmanagement<\/label><\/span><span class=\"elementor-field-option\"><input type=\"checkbox\" value=\"Nachhaltigkeitsmanagement\" id=\"form-field-field_1cc992e-2\" name=\"form_fields[field_1cc992e][]\"> <label for=\"form-field-field_1cc992e-2\">Nachhaltigkeitsmanagement<\/label><\/span><span class=\"elementor-field-option\"><input type=\"checkbox\" value=\"Consulting\" id=\"form-field-field_1cc992e-3\" name=\"form_fields[field_1cc992e][]\"> <label for=\"form-field-field_1cc992e-3\">Consulting<\/label><\/span><span class=\"elementor-field-option\"><input type=\"checkbox\" value=\"Sonstige Leistung\" id=\"form-field-field_1cc992e-4\" name=\"form_fields[field_1cc992e][]\"> <label for=\"form-field-field_1cc992e-4\">Sonstige Leistung<\/label><\/span><\/div>\t\t\t\t<\/div>\n\t\t\t\t\t\t\t\t<div class=\"elementor-field-type-textarea elementor-field-group elementor-column elementor-field-group-message elementor-col-100\">\n\t\t\t\t\t\t\t\t\t\t\t\t<label for=\"form-field-message\" class=\"elementor-field-label\">\n\t\t\t\t\t\t\t\tNachricht\t\t\t\t\t\t\t<\/label>\n\t\t\t\t\t\t<textarea class=\"elementor-field-textual elementor-field  elementor-size-md\" name=\"form_fields[message]\" id=\"form-field-message\" rows=\"5\" placeholder=\"Nachricht\"><\/textarea>\t\t\t\t<\/div>\n\t\t\t\t\t\t\t\t<div class=\"elementor-field-type-acceptance elementor-field-group elementor-column elementor-field-group-field_6e1922d elementor-col-100 elementor-field-required elementor-mark-required\">\n\t\t\t\t\t\t\t\t\t\t\t\t<label for=\"form-field-field_6e1922d\" class=\"elementor-field-label\">\n\t\t\t\t\t\t\t\tDSGVO\t\t\t\t\t\t\t<\/label>\n\t\t\t\t\t\t\t\t<div class=\"elementor-field-subgroup\">\n\t\t\t<span class=\"elementor-field-option\">\n\t\t\t\t<input type=\"checkbox\" name=\"form_fields[field_6e1922d]\" id=\"form-field-field_6e1922d\" class=\"elementor-field elementor-size-md  elementor-acceptance-field\" required=\"required\">\n\t\t\t\t<label for=\"form-field-field_6e1922d\">Die <a href=\"https:\/\/cotecda.de\/datenschutz\">Datenschutzerkl\u00e4rung<\/a> habe ich zur Kenntnis genommen und bin einverstanden mit der Verarbeitung meiner personenbezogenen Daten.<\/label>\t\t\t<\/span>\n\t\t<\/div>\n\t\t\t\t\t\t<\/div>\n\t\t\t\t\t\t\t\t<div class=\"elementor-field-group elementor-column elementor-field-type-submit elementor-col-100 e-form__buttons\">\n\t\t\t\t\t<button class=\"elementor-button elementor-size-sm\" type=\"submit\">\n\t\t\t\t\t\t<span class=\"elementor-button-content-wrapper\">\n\t\t\t\t\t\t\t\t\t\t\t\t\t\t\t\t\t\t\t\t\t\t<span class=\"elementor-button-text\">Senden<\/span>\n\t\t\t\t\t\t\t\t\t\t\t\t\t<\/span>\n\t\t\t\t\t<\/button>\n\t\t\t\t<\/div>\n\t\t\t<\/div>\n\t\t<\/form>\n\t\t\t\t\t\t<\/div>\n\t\t\t\t<\/div>\n\t\t\t\t\t<\/div>\n\t\t<\/div>\n\t\t\t\t\t<\/div>\n\t\t<\/section>\n\t\t\t\t<\/div>\n\t\t","protected":false},"excerpt":{"rendered":"<p>Sprechen wir \u00fcber Ihr Projekt Sprechen wir \u00fcber Ihr Projekt Cotecda GmbHSebastian-Kneipp-Stra\u00dfe 4160439 Frankfurt am Main support@cotecda.de Telefon +49 69 505064-135Fax +49 69 505064-136<\/p>","protected":false},"author":1,"featured_media":0,"parent":0,"menu_order":0,"comment_status":"closed","ping_status":"closed","template":"","meta":{"site-sidebar-layout":"no-sidebar","site-content-layout":"page-builder","ast-site-content-layout":"default","site-content-style":"default","site-sidebar-style":"default","ast-global-header-display":"","ast-banner-title-visibility":"","ast-main-header-display":"","ast-hfb-above-header-display":"","ast-hfb-below-header-display":"","ast-hfb-mobile-header-display":"","site-post-title":"disabled","ast-breadcrumbs-content":"","ast-featured-img":"disabled","footer-sml-layout":"","theme-transparent-header-meta":"default","adv-header-id-meta":"","stick-header-meta":"","header-above-stick-meta":"","header-main-stick-meta":"","header-below-stick-meta":"","astra-migrate-meta-layouts":"default","ast-page-background-enabled":"default","ast-page-background-meta":{"desktop":{"background-color":"","background-image":"","background-repeat":"repeat","background-position":"center center","background-size":"auto","background-attachment":"scroll","background-type":"","background-media":"","overlay-type":"","overlay-color":"","overlay-opacity":"","overlay-gradient":""},"tablet":{"background-color":"","background-image":"","background-repeat":"repeat","background-position":"center center","background-size":"auto","background-attachment":"scroll","background-type":"","background-media":"","overlay-type":"","overlay-color":"","overlay-opacity":"","overlay-gradient":""},"mobile":{"background-color":"","background-image":"","background-repeat":"repeat","background-position":"center center","background-size":"auto","background-attachment":"scroll","background-type":"","background-media":"","overlay-type":"","overlay-color":"","overlay-opacity":"","overlay-gradient":""}},"ast-content-background-meta":{"desktop":{"background-color":"var(--ast-global-color-5)","background-image":"","background-repeat":"repeat","background-position":"center center","background-size":"auto","background-attachment":"scroll","background-type":"","background-media":"","overlay-type":"","overlay-color":"","overlay-opacity":"","overlay-gradient":""},"tablet":{"background-color":"var(--ast-global-color-5)","background-image":"","background-repeat":"repeat","background-position":"center center","background-size":"auto","background-attachment":"scroll","background-type":"","background-media":"","overlay-type":"","overlay-color":"","overlay-opacity":"","overlay-gradient":""},"mobile":{"background-color":"var(--ast-global-color-5)","background-image":"","background-repeat":"repeat","background-position":"center center","background-size":"auto","background-attachment":"scroll","background-type":"","background-media":"","overlay-type":"","overlay-color":"","overlay-opacity":"","overlay-gradient":""}},"footnotes":""},"class_list":["post-160","page","type-page","status-publish","hentry"],"yoast_head":"<!-- This site is optimized with the Yoast SEO plugin v27.3 - https:\/\/yoast.com\/product\/yoast-seo-wordpress\/ -->\n<title>Kontakt - Cotecda<\/title>\n<meta name=\"description\" content=\"Interim Management, Datenmanagement, Consulting \u2013 wir liefern immobilienwirtschaftlichen Leistungsbausteine f\u00fcr Ihren Erfolg.\" \/>\n<meta name=\"robots\" content=\"index, follow, max-snippet:-1, max-image-preview:large, max-video-preview:-1\" \/>\n<link rel=\"canonical\" href=\"https:\/\/cotecda.de\/en\/kontakt-interim-management-datenmanagement-consulting\/\" \/>\n<meta property=\"og:locale\" content=\"en_US\" \/>\n<meta property=\"og:type\" content=\"article\" \/>\n<meta property=\"og:title\" content=\"Kontakt - Cotecda\" \/>\n<meta property=\"og:description\" content=\"Interim Management, Datenmanagement, Consulting \u2013 wir liefern immobilienwirtschaftlichen Leistungsbausteine f\u00fcr Ihren Erfolg.\" \/>\n<meta property=\"og:url\" content=\"https:\/\/cotecda.de\/en\/kontakt-interim-management-datenmanagement-consulting\/\" \/>\n<meta property=\"og:site_name\" content=\"Cotecda\" \/>\n<meta property=\"article:modified_time\" content=\"2025-03-04T15:53:29+00:00\" \/>\n<meta name=\"twitter:card\" content=\"summary_large_image\" \/>\n<meta name=\"twitter:label1\" content=\"Est. reading time\" \/>\n\t<meta name=\"twitter:data1\" content=\"1 minute\" \/>\n<script type=\"application\/ld+json\" class=\"yoast-schema-graph\">{\"@context\":\"https:\\\/\\\/schema.org\",\"@graph\":[{\"@type\":\"WebPage\",\"@id\":\"https:\\\/\\\/cotecda.de\\\/kontakt-interim-management-datenmanagement-consulting\",\"url\":\"https:\\\/\\\/cotecda.de\\\/kontakt-interim-management-datenmanagement-consulting\",\"name\":\"Kontakt - Cotecda\",\"isPartOf\":{\"@id\":\"https:\\\/\\\/cotecda.de\\\/#website\"},\"datePublished\":\"2019-10-05T03:24:58+00:00\",\"dateModified\":\"2025-03-04T15:53:29+00:00\",\"description\":\"Interim Management, Datenmanagement, Consulting \u2013 wir liefern immobilienwirtschaftlichen Leistungsbausteine f\u00fcr Ihren Erfolg.\",\"breadcrumb\":{\"@id\":\"https:\\\/\\\/cotecda.de\\\/kontakt-interim-management-datenmanagement-consulting#breadcrumb\"},\"inLanguage\":\"en-US\",\"potentialAction\":[{\"@type\":\"ReadAction\",\"target\":[\"https:\\\/\\\/cotecda.de\\\/kontakt-interim-management-datenmanagement-consulting\"]}]},{\"@type\":\"BreadcrumbList\",\"@id\":\"https:\\\/\\\/cotecda.de\\\/kontakt-interim-management-datenmanagement-consulting#breadcrumb\",\"itemListElement\":[{\"@type\":\"ListItem\",\"position\":1,\"name\":\"Startseite\",\"item\":\"https:\\\/\\\/cotecda.de\\\/\"},{\"@type\":\"ListItem\",\"position\":2,\"name\":\"Kontakt\"}]},{\"@type\":\"WebSite\",\"@id\":\"https:\\\/\\\/cotecda.de\\\/#website\",\"url\":\"https:\\\/\\\/cotecda.de\\\/\",\"name\":\"Cotecda\",\"description\":\"Real Estate Support\",\"publisher\":{\"@id\":\"https:\\\/\\\/cotecda.de\\\/#organization\"},\"potentialAction\":[{\"@type\":\"SearchAction\",\"target\":{\"@type\":\"EntryPoint\",\"urlTemplate\":\"https:\\\/\\\/cotecda.de\\\/?s={search_term_string}\"},\"query-input\":{\"@type\":\"PropertyValueSpecification\",\"valueRequired\":true,\"valueName\":\"search_term_string\"}}],\"inLanguage\":\"en-US\"},{\"@type\":\"Organization\",\"@id\":\"https:\\\/\\\/cotecda.de\\\/#organization\",\"name\":\"Cotecda\",\"url\":\"https:\\\/\\\/cotecda.de\\\/\",\"logo\":{\"@type\":\"ImageObject\",\"inLanguage\":\"en-US\",\"@id\":\"https:\\\/\\\/cotecda.de\\\/#\\\/schema\\\/logo\\\/image\\\/\",\"url\":\"https:\\\/\\\/cotecda.de\\\/wp-content\\\/uploads\\\/2022\\\/01\\\/cropped-Cotecda_RES.png\",\"contentUrl\":\"https:\\\/\\\/cotecda.de\\\/wp-content\\\/uploads\\\/2022\\\/01\\\/cropped-Cotecda_RES.png\",\"width\":1327,\"height\":500,\"caption\":\"Cotecda\"},\"image\":{\"@id\":\"https:\\\/\\\/cotecda.de\\\/#\\\/schema\\\/logo\\\/image\\\/\"}}]}<\/script>\n<!-- \/ Yoast SEO plugin. -->","yoast_head_json":{"title":"Kontakt - Cotecda","description":"Interim Management, Datenmanagement, Consulting \u2013 wir liefern immobilienwirtschaftlichen Leistungsbausteine f\u00fcr Ihren Erfolg.","robots":{"index":"index","follow":"follow","max-snippet":"max-snippet:-1","max-image-preview":"max-image-preview:large","max-video-preview":"max-video-preview:-1"},"canonical":"https:\/\/cotecda.de\/en\/kontakt-interim-management-datenmanagement-consulting\/","og_locale":"en_US","og_type":"article","og_title":"Kontakt - Cotecda","og_description":"Interim Management, Datenmanagement, Consulting \u2013 wir liefern immobilienwirtschaftlichen Leistungsbausteine f\u00fcr Ihren Erfolg.","og_url":"https:\/\/cotecda.de\/en\/kontakt-interim-management-datenmanagement-consulting\/","og_site_name":"Cotecda","article_modified_time":"2025-03-04T15:53:29+00:00","twitter_card":"summary_large_image","twitter_misc":{"Est. reading time":"1 minute"},"schema":{"@context":"https:\/\/schema.org","@graph":[{"@type":"WebPage","@id":"https:\/\/cotecda.de\/kontakt-interim-management-datenmanagement-consulting","url":"https:\/\/cotecda.de\/kontakt-interim-management-datenmanagement-consulting","name":"Kontakt - Cotecda","isPartOf":{"@id":"https:\/\/cotecda.de\/#website"},"datePublished":"2019-10-05T03:24:58+00:00","dateModified":"2025-03-04T15:53:29+00:00","description":"Interim Management, Datenmanagement, Consulting \u2013 wir liefern immobilienwirtschaftlichen Leistungsbausteine f\u00fcr Ihren Erfolg.","breadcrumb":{"@id":"https:\/\/cotecda.de\/kontakt-interim-management-datenmanagement-consulting#breadcrumb"},"inLanguage":"en-US","potentialAction":[{"@type":"ReadAction","target":["https:\/\/cotecda.de\/kontakt-interim-management-datenmanagement-consulting"]}]},{"@type":"BreadcrumbList","@id":"https:\/\/cotecda.de\/kontakt-interim-management-datenmanagement-consulting#breadcrumb","itemListElement":[{"@type":"ListItem","position":1,"name":"Startseite","item":"https:\/\/cotecda.de\/"},{"@type":"ListItem","position":2,"name":"Kontakt"}]},{"@type":"WebSite","@id":"https:\/\/cotecda.de\/#website","url":"https:\/\/cotecda.de\/","name":"Cotecda","description":"Real Estate Support","publisher":{"@id":"https:\/\/cotecda.de\/#organization"},"potentialAction":[{"@type":"SearchAction","target":{"@type":"EntryPoint","urlTemplate":"https:\/\/cotecda.de\/?s={search_term_string}"},"query-input":{"@type":"PropertyValueSpecification","valueRequired":true,"valueName":"search_term_string"}}],"inLanguage":"en-US"},{"@type":"Organization","@id":"https:\/\/cotecda.de\/#organization","name":"Cotecda","url":"https:\/\/cotecda.de\/","logo":{"@type":"ImageObject","inLanguage":"en-US","@id":"https:\/\/cotecda.de\/#\/schema\/logo\/image\/","url":"https:\/\/cotecda.de\/wp-content\/uploads\/2022\/01\/cropped-Cotecda_RES.png","contentUrl":"https:\/\/cotecda.de\/wp-content\/uploads\/2022\/01\/cropped-Cotecda_RES.png","width":1327,"height":500,"caption":"Cotecda"},"image":{"@id":"https:\/\/cotecda.de\/#\/schema\/logo\/image\/"}}]}},"_links":{"self":[{"href":"https:\/\/cotecda.de\/en\/wp-json\/wp\/v2\/pages\/160","targetHints":{"allow":["GET"]}}],"collection":[{"href":"https:\/\/cotecda.de\/en\/wp-json\/wp\/v2\/pages"}],"about":[{"href":"https:\/\/cotecda.de\/en\/wp-json\/wp\/v2\/types\/page"}],"author":[{"embeddable":true,"href":"https:\/\/cotecda.de\/en\/wp-json\/wp\/v2\/users\/1"}],"replies":[{"embeddable":true,"href":"https:\/\/cotecda.de\/en\/wp-json\/wp\/v2\/comments?post=160"}],"version-history":[{"count":112,"href":"https:\/\/cotecda.de\/en\/wp-json\/wp\/v2\/pages\/160\/revisions"}],"predecessor-version":[{"id":4191,"href":"https:\/\/cotecda.de\/en\/wp-json\/wp\/v2\/pages\/160\/revisions\/4191"}],"wp:attachment":[{"href":"https:\/\/cotecda.de\/en\/wp-json\/wp\/v2\/media?parent=160"}],"curies":[{"name":"wp","href":"https:\/\/api.w.org\/{rel}","templated":true}]}}